{"id":845,"date":"2024-02-06T02:45:43","date_gmt":"2024-02-06T02:45:43","guid":{"rendered":"https:\/\/live.21lab.co\/ecomlab\/?page_id=11"},"modified":"2025-05-01T22:44:44","modified_gmt":"2025-05-01T22:44:44","slug":"hakkimizda","status":"publish","type":"page","link":"https:\/\/yanginguvenlikmalzemeleri.com\/index.php\/hakkimizda\/","title":{"rendered":"Hakk\u0131m\u0131zda"},"content":{"rendered":"\t\t<div data-elementor-type=\"wp-page\" data-elementor-id=\"845\" class=\"elementor elementor-845\">\n\t\t\t\t<div class=\"elementor-element elementor-element-45ea197 e-flex e-con-boxed e-con e-parent\" data-id=\"45ea197\" data-element_type=\"container\" data-settings=\"{&quot;background_background&quot;:&quot;video&quot;,&quot;background_video_link&quot;:&quot;https:\\\/\\\/www.youtube.com\\\/watch?v=uySn1BZiWWs&quot;,&quot;background_video_end&quot;:50,&quot;background_play_on_mobile&quot;:&quot;yes&quot;}\">\n\t\t\t\t\t<div class=\"e-con-inner\">\n\t\t<div class=\"elementor-background-video-container\">\n\t\t\t\t\t\t\t<div class=\"elementor-background-video-embed\"><\/div>\n\t\t\t\t\t\t<\/div>\t\t<div class=\"elementor-element elementor-element-b8683c3 elementor-widget elementor-widget-heading\" data-id=\"b8683c3\" data-element_type=\"widget\" data-widget_type=\"heading.default\">\n\t\t\t\t<div class=\"elementor-widget-container\">\n\t\t\t\t\t<h2 class=\"elementor-heading-title elementor-size-default\">Yang\u0131n G\u00fcvenlik Malzemeleri<\/h2>\t\t\t\t<\/div>\n\t\t\t\t<\/div>\n\t\t\t\t<div class=\"elementor-element elementor-element-ffe5e86 elementor-align-center elementor-widget elementor-widget-button\" data-id=\"ffe5e86\" data-element_type=\"widget\" data-widget_type=\"button.default\">\n\t\t\t\t<div class=\"elementor-widget-container\">\n\t\t\t\t\t\t\t\t\t<div class=\"elementor-button-wrapper\">\n\t\t\t\t\t<a class=\"elementor-button elementor-button-link elementor-size-sm\" href=\"#\">\n\t\t\t\t\t\t<span class=\"elementor-button-content-wrapper\">\n\t\t\t\t\t\t\t\t\t<span class=\"elementor-button-text\">\u00dcR\u00dcNLER\u0130 G\u00d6R\u00dcNT\u00dcLE<\/span>\n\t\t\t\t\t<\/span>\n\t\t\t\t\t<\/a>\n\t\t\t\t<\/div>\n\t\t\t\t\t\t\t\t<\/div>\n\t\t\t\t<\/div>\n\t\t\t\t\t<\/div>\n\t\t\t\t<\/div>\n\t\t<div class=\"elementor-element elementor-element-0008431 e-con-full e-flex e-con e-parent\" data-id=\"0008431\" data-element_type=\"container\">\n\t\t\t\t<div class=\"elementor-element elementor-element-776bb8c elementor-widget elementor-widget-menu-anchor\" data-id=\"776bb8c\" data-element_type=\"widget\" data-widget_type=\"menu-anchor.default\">\n\t\t\t\t<div class=\"elementor-widget-container\">\n\t\t\t\t\t\t\t<div class=\"elementor-menu-anchor\" id=\"about\"><\/div>\n\t\t\t\t\t\t<\/div>\n\t\t\t\t<\/div>\n\t\t\t\t<div class=\"elementor-element elementor-element-791a83a elementor-widget elementor-widget-heading\" data-id=\"791a83a\" data-element_type=\"widget\" data-widget_type=\"heading.default\">\n\t\t\t\t<div class=\"elementor-widget-container\">\n\t\t\t\t\t<h2 class=\"elementor-heading-title elementor-size-default\">Hakk\u0131m\u0131zda<\/h2>\t\t\t\t<\/div>\n\t\t\t\t<\/div>\n\t\t\t\t<div class=\"elementor-element elementor-element-98241ce elementor-widget elementor-widget-text-editor\" data-id=\"98241ce\" data-element_type=\"widget\" data-widget_type=\"text-editor.default\">\n\t\t\t\t<div class=\"elementor-widget-container\">\n\t\t\t\t\t\t\t\t\t<p class=\"\" data-start=\"257\" data-end=\"592\">Yang\u0131n G\u00fcvenlik Malzeme, yang\u0131n ve g\u00fcvenlik sistemleri alan\u0131nda uzmanla\u015fm\u0131\u015f, m\u00fc\u015fteri memnuniyetini \u00f6ncelik kabul eden bir kurulu\u015ftur. Kamera sistemleri, alarm \u00e7\u00f6z\u00fcmleri, network ve ses sistemleri ile santral altyap\u0131 sistemlerinin sat\u0131\u015f, montaj ve teknik destek s\u00fcre\u00e7lerinde y\u00fcksek kalite standartlar\u0131n\u0131 benimseyerek hizmet vermekteyiz.<\/p><p class=\"\" data-start=\"594\" data-end=\"894\">Kuruldu\u011fumuz g\u00fcnden bu yana hem bireysel hem kurumsal m\u00fc\u015fterilerimizin ihtiya\u00e7lar\u0131na \u00f6zel \u00e7\u00f6z\u00fcmler sunarak, ya\u015fam ve \u00e7al\u0131\u015fma alanlar\u0131n\u0131n daha g\u00fcvenli ve verimli hale gelmesini hedefliyoruz. Alan\u0131nda deneyimli teknik ekibimiz ve \u00e7\u00f6z\u00fcm odakl\u0131 yakla\u015f\u0131m\u0131m\u0131zla, projelerinizin her a\u015famas\u0131nda yan\u0131n\u0131zday\u0131z.<\/p>\t\t\t\t\t\t\t\t<\/div>\n\t\t\t\t<\/div>\n\t\t\t\t<\/div>\n\t\t<div class=\"elementor-element elementor-element-5079ce9 e-flex e-con-boxed e-con e-parent\" data-id=\"5079ce9\" data-element_type=\"container\">\n\t\t\t\t\t<div class=\"e-con-inner\">\n\t\t\t\t<div class=\"elementor-element elementor-element-69355c5 elementor-widget elementor-widget-heading\" data-id=\"69355c5\" data-element_type=\"widget\" data-widget_type=\"heading.default\">\n\t\t\t\t<div class=\"elementor-widget-container\">\n\t\t\t\t\t<h2 class=\"elementor-heading-title elementor-size-default\">Misyon<\/h2>\t\t\t\t<\/div>\n\t\t\t\t<\/div>\n\t\t\t\t<div class=\"elementor-element elementor-element-0d7ce0e elementor-widget-divider--view-line elementor-widget elementor-widget-divider\" data-id=\"0d7ce0e\" data-element_type=\"widget\" data-widget_type=\"divider.default\">\n\t\t\t\t<div class=\"elementor-widget-container\">\n\t\t\t\t\t\t\t<div class=\"elementor-divider\">\n\t\t\t<span class=\"elementor-divider-separator\">\n\t\t\t\t\t\t<\/span>\n\t\t<\/div>\n\t\t\t\t\t\t<\/div>\n\t\t\t\t<\/div>\n\t\t\t\t\t<\/div>\n\t\t\t\t<\/div>\n\t\t<div class=\"elementor-element elementor-element-1a75fd9 e-flex e-con-boxed e-con e-parent\" data-id=\"1a75fd9\" data-element_type=\"container\">\n\t\t\t\t\t<div class=\"e-con-inner\">\n\t\t<div class=\"elementor-element elementor-element-dbfc217 e-con-full e-flex e-con e-child\" data-id=\"dbfc217\" data-element_type=\"container\">\n\t\t\t\t<div class=\"elementor-element elementor-element-c36c486 elementor-widget elementor-widget-text-editor\" data-id=\"c36c486\" data-element_type=\"widget\" data-widget_type=\"text-editor.default\">\n\t\t\t\t<div class=\"elementor-widget-container\">\n\t\t\t\t\t\t\t\t\t<p>Hayat ve m\u00fclk g\u00fcvenli\u011fini en \u00fcst d\u00fczeyde sa\u011flamak amac\u0131yla, yang\u0131n ve g\u00fcvenlik sistemleri alan\u0131nda yenilik\u00e7i, kaliteli ve s\u00fcrd\u00fcr\u00fclebilir \u00e7\u00f6z\u00fcmler sunmak. M\u00fc\u015fteri ihtiya\u00e7lar\u0131n\u0131 do\u011fru analiz ederek, g\u00fcvenilir, ekonomik ve h\u0131zl\u0131 hizmetlerle sekt\u00f6rde fark yaratmak.<\/p>\t\t\t\t\t\t\t\t<\/div>\n\t\t\t\t<\/div>\n\t\t\t\t<\/div>\n\t\t<div class=\"elementor-element elementor-element-2ca85fd e-con-full e-flex e-con e-child\" data-id=\"2ca85fd\" data-element_type=\"container\">\n\t\t\t\t<div class=\"elementor-element elementor-element-f7d5971 elementor-widget elementor-widget-image\" data-id=\"f7d5971\" data-element_type=\"widget\" data-widget_type=\"image.default\">\n\t\t\t\t<div class=\"elementor-widget-container\">\n\t\t\t\t\t\t\t\t\t\t\t\t\t\t\t<img fetchpriority=\"high\" decoding=\"async\" width=\"1280\" height=\"853\" src=\"https:\/\/yanginguvenlikmalzemeleri.com\/wp-content\/uploads\/2024\/04\/pexels-karolina-grabowska-5717892-1.jpg\" class=\"attachment-full size-full wp-image-754\" alt=\"\" srcset=\"https:\/\/yanginguvenlikmalzemeleri.com\/wp-content\/uploads\/2024\/04\/pexels-karolina-grabowska-5717892-1.jpg 1280w, https:\/\/yanginguvenlikmalzemeleri.com\/wp-content\/uploads\/2024\/04\/pexels-karolina-grabowska-5717892-1-300x200.jpg 300w, https:\/\/yanginguvenlikmalzemeleri.com\/wp-content\/uploads\/2024\/04\/pexels-karolina-grabowska-5717892-1-640x427.jpg 640w, https:\/\/yanginguvenlikmalzemeleri.com\/wp-content\/uploads\/2024\/04\/pexels-karolina-grabowska-5717892-1-64x43.jpg 64w, https:\/\/yanginguvenlikmalzemeleri.com\/wp-content\/uploads\/2024\/04\/pexels-karolina-grabowska-5717892-1-1024x682.jpg 1024w, https:\/\/yanginguvenlikmalzemeleri.com\/wp-content\/uploads\/2024\/04\/pexels-karolina-grabowska-5717892-1-768x512.jpg 768w\" sizes=\"(max-width: 1280px) 100vw, 1280px\" \/>\t\t\t\t\t\t\t\t\t\t\t\t\t\t\t<\/div>\n\t\t\t\t<\/div>\n\t\t\t\t<\/div>\n\t\t\t\t\t<\/div>\n\t\t\t\t<\/div>\n\t\t<div class=\"elementor-element elementor-element-730a732 e-flex e-con-boxed e-con e-parent\" data-id=\"730a732\" data-element_type=\"container\">\n\t\t\t\t\t<div class=\"e-con-inner\">\n\t\t\t\t<div class=\"elementor-element elementor-element-91b958a elementor-widget elementor-widget-heading\" data-id=\"91b958a\" data-element_type=\"widget\" data-widget_type=\"heading.default\">\n\t\t\t\t<div class=\"elementor-widget-container\">\n\t\t\t\t\t<h2 class=\"elementor-heading-title elementor-size-default\">Vizyon<\/h2>\t\t\t\t<\/div>\n\t\t\t\t<\/div>\n\t\t\t\t<div class=\"elementor-element elementor-element-e471ce0 elementor-widget-divider--view-line elementor-widget elementor-widget-divider\" data-id=\"e471ce0\" data-element_type=\"widget\" data-widget_type=\"divider.default\">\n\t\t\t\t<div class=\"elementor-widget-container\">\n\t\t\t\t\t\t\t<div class=\"elementor-divider\">\n\t\t\t<span class=\"elementor-divider-separator\">\n\t\t\t\t\t\t<\/span>\n\t\t<\/div>\n\t\t\t\t\t\t<\/div>\n\t\t\t\t<\/div>\n\t\t\t\t\t<\/div>\n\t\t\t\t<\/div>\n\t\t<div class=\"elementor-element elementor-element-adf3705 e-flex e-con-boxed e-con e-parent\" data-id=\"adf3705\" data-element_type=\"container\">\n\t\t\t\t\t<div class=\"e-con-inner\">\n\t\t<div class=\"elementor-element elementor-element-354dd1e e-con-full e-flex e-con e-child\" data-id=\"354dd1e\" data-element_type=\"container\">\n\t\t\t\t<div class=\"elementor-element elementor-element-fd044ab elementor-widget elementor-widget-image\" data-id=\"fd044ab\" data-element_type=\"widget\" data-widget_type=\"image.default\">\n\t\t\t\t<div class=\"elementor-widget-container\">\n\t\t\t\t\t\t\t\t\t\t\t\t\t\t\t<img fetchpriority=\"high\" decoding=\"async\" width=\"1280\" height=\"853\" src=\"https:\/\/yanginguvenlikmalzemeleri.com\/wp-content\/uploads\/2024\/04\/pexels-karolina-grabowska-5717892-1.jpg\" class=\"attachment-full size-full wp-image-754\" alt=\"\" srcset=\"https:\/\/yanginguvenlikmalzemeleri.com\/wp-content\/uploads\/2024\/04\/pexels-karolina-grabowska-5717892-1.jpg 1280w, https:\/\/yanginguvenlikmalzemeleri.com\/wp-content\/uploads\/2024\/04\/pexels-karolina-grabowska-5717892-1-300x200.jpg 300w, https:\/\/yanginguvenlikmalzemeleri.com\/wp-content\/uploads\/2024\/04\/pexels-karolina-grabowska-5717892-1-640x427.jpg 640w, https:\/\/yanginguvenlikmalzemeleri.com\/wp-content\/uploads\/2024\/04\/pexels-karolina-grabowska-5717892-1-64x43.jpg 64w, https:\/\/yanginguvenlikmalzemeleri.com\/wp-content\/uploads\/2024\/04\/pexels-karolina-grabowska-5717892-1-1024x682.jpg 1024w, https:\/\/yanginguvenlikmalzemeleri.com\/wp-content\/uploads\/2024\/04\/pexels-karolina-grabowska-5717892-1-768x512.jpg 768w\" sizes=\"(max-width: 1280px) 100vw, 1280px\" \/>\t\t\t\t\t\t\t\t\t\t\t\t\t\t\t<\/div>\n\t\t\t\t<\/div>\n\t\t\t\t<\/div>\n\t\t<div class=\"elementor-element elementor-element-c9e4020 e-con-full e-flex e-con e-child\" data-id=\"c9e4020\" data-element_type=\"container\">\n\t\t\t\t<div class=\"elementor-element elementor-element-53ac706 elementor-widget elementor-widget-text-editor\" data-id=\"53ac706\" data-element_type=\"widget\" data-widget_type=\"text-editor.default\">\n\t\t\t\t<div class=\"elementor-widget-container\">\n\t\t\t\t\t\t\t\t\t<p class=\"\" data-start=\"1207\" data-end=\"1479\">Yang\u0131n ve g\u00fcvenlik sistemlerinde T\u00fcrkiye\u2019nin en g\u00fcvenilir, en \u00e7ok tercih edilen ve teknolojiyi en iyi kullanan firmalar\u0131ndan biri olmak. S\u00fcrekli geli\u015fen teknolojilere uyum sa\u011flayarak, hizmet kalitemizi her ge\u00e7en g\u00fcn art\u0131rmak ve g\u00fcvenli bir gelecek i\u00e7in \u00f6nc\u00fc rol \u00fcstlenmek.<\/p>\t\t\t\t\t\t\t\t<\/div>\n\t\t\t\t<\/div>\n\t\t\t\t<\/div>\n\t\t\t\t\t<\/div>\n\t\t\t\t<\/div>\n\t\t\t\t<\/div>\n\t\t","protected":false},"excerpt":{"rendered":"<p>Yang\u0131n G\u00fcvenlik Malzemeleri \u00dcR\u00dcNLER\u0130 G\u00d6R\u00dcNT\u00dcLE Hakk\u0131m\u0131zda Yang\u0131n G\u00fcvenlik Malzeme, yang\u0131n ve g\u00fcvenlik sistemleri alan\u0131nda uzmanla\u015fm\u0131\u015f, m\u00fc\u015fteri memnuniyetini \u00f6ncelik kabul eden bir kurulu\u015ftur. Kamera sistemleri, alarm \u00e7\u00f6z\u00fcmleri, network ve ses sistemleri ile santral altyap\u0131 sistemlerinin sat\u0131\u015f, montaj ve teknik destek s\u00fcre\u00e7lerinde y\u00fcksek kalite standartlar\u0131n\u0131 benimseyerek hizmet vermekteyiz. Kuruldu\u011fumuz g\u00fcnden bu yana hem bireysel hem kurumsal m\u00fc\u015fterilerimizin [&hellip;]<\/p>\n","protected":false},"author":1,"featured_media":0,"parent":0,"menu_order":0,"comment_status":"closed","ping_status":"closed","template":"tmpl\/template-fullwidth.php","meta":{"_acf_changed":false,"inline_featured_image":false,"footnotes":""},"class_list":["post-845","page","type-page","status-publish","hentry"],"acf":[],"_links":{"self":[{"href":"https:\/\/yanginguvenlikmalzemeleri.com\/index.php\/wp-json\/wp\/v2\/pages\/845","targetHints":{"allow":["GET"]}}],"collection":[{"href":"https:\/\/yanginguvenlikmalzemeleri.com\/index.php\/wp-json\/wp\/v2\/pages"}],"about":[{"href":"https:\/\/yanginguvenlikmalzemeleri.com\/index.php\/wp-json\/wp\/v2\/types\/page"}],"author":[{"embeddable":true,"href":"https:\/\/yanginguvenlikmalzemeleri.com\/index.php\/wp-json\/wp\/v2\/users\/1"}],"replies":[{"embeddable":true,"href":"https:\/\/yanginguvenlikmalzemeleri.com\/index.php\/wp-json\/wp\/v2\/comments?post=845"}],"version-history":[{"count":5,"href":"https:\/\/yanginguvenlikmalzemeleri.com\/index.php\/wp-json\/wp\/v2\/pages\/845\/revisions"}],"predecessor-version":[{"id":891,"href":"https:\/\/yanginguvenlikmalzemeleri.com\/index.php\/wp-json\/wp\/v2\/pages\/845\/revisions\/891"}],"wp:attachment":[{"href":"https:\/\/yanginguvenlikmalzemeleri.com\/index.php\/wp-json\/wp\/v2\/media?parent=845"}],"curies":[{"name":"wp","href":"https:\/\/api.w.org\/{rel}","templated":true}]}}