{"id":915,"date":"2025-05-01T23:23:37","date_gmt":"2025-05-01T23:23:37","guid":{"rendered":"https:\/\/yanginguvenlikmalzemeleri.com\/?page_id=915"},"modified":"2025-05-01T23:26:22","modified_gmt":"2025-05-01T23:26:22","slug":"alarm-sistemleri","status":"publish","type":"page","link":"https:\/\/yanginguvenlikmalzemeleri.com\/index.php\/alarm-sistemleri\/","title":{"rendered":"Alarm Sistemleri"},"content":{"rendered":"\t\t<div data-elementor-type=\"wp-page\" data-elementor-id=\"915\" class=\"elementor elementor-915\">\n\t\t\t\t<div class=\"elementor-element elementor-element-5079ce9 e-flex e-con-boxed e-con e-parent\" data-id=\"5079ce9\" data-element_type=\"container\">\n\t\t\t\t\t<div class=\"e-con-inner\">\n\t\t\t\t<div class=\"elementor-element elementor-element-69355c5 elementor-widget elementor-widget-heading\" data-id=\"69355c5\" data-element_type=\"widget\" data-widget_type=\"heading.default\">\n\t\t\t\t<div class=\"elementor-widget-container\">\n\t\t\t\t\t<h2 class=\"elementor-heading-title elementor-size-default\">Alarm Sistemleri<\/h2>\t\t\t\t<\/div>\n\t\t\t\t<\/div>\n\t\t\t\t<div class=\"elementor-element elementor-element-0d7ce0e elementor-widget-divider--view-line elementor-widget elementor-widget-divider\" data-id=\"0d7ce0e\" data-element_type=\"widget\" data-widget_type=\"divider.default\">\n\t\t\t\t<div class=\"elementor-widget-container\">\n\t\t\t\t\t\t\t<div class=\"elementor-divider\">\n\t\t\t<span class=\"elementor-divider-separator\">\n\t\t\t\t\t\t<\/span>\n\t\t<\/div>\n\t\t\t\t\t\t<\/div>\n\t\t\t\t<\/div>\n\t\t\t\t\t<\/div>\n\t\t\t\t<\/div>\n\t\t<div class=\"elementor-element elementor-element-1a75fd9 e-flex e-con-boxed e-con e-parent\" data-id=\"1a75fd9\" data-element_type=\"container\">\n\t\t\t\t\t<div class=\"e-con-inner\">\n\t\t<div class=\"elementor-element elementor-element-dbfc217 e-con-full e-flex e-con e-child\" data-id=\"dbfc217\" data-element_type=\"container\">\n\t\t\t\t<div class=\"elementor-element elementor-element-c36c486 elementor-widget elementor-widget-text-editor\" data-id=\"c36c486\" data-element_type=\"widget\" data-widget_type=\"text-editor.default\">\n\t\t\t\t<div class=\"elementor-widget-container\">\n\t\t\t\t\t\t\t\t\t<p>Alarm sistemleri, g\u00fcvenli\u011finizi art\u0131rmak ve ev veya i\u015f yerinizdeki de\u011ferli varl\u0131klar\u0131 korumak i\u00e7in vazge\u00e7ilmez bir ara\u00e7t\u0131r. Geli\u015fen teknoloji ile birlikte alarm sistemleri, sadece sesli uyar\u0131larla kalmay\u0131p, uzaktan izleme ve m\u00fcdahale imkan\u0131 sunan entegre \u00e7\u00f6z\u00fcmler haline gelmi\u015ftir. Modern alarm sistemleri, hareket alg\u0131lama, cam k\u0131r\u0131lma sens\u00f6rleri, gaz dedekt\u00f6rleri ve yang\u0131n alarm sistemleri gibi \u00e7e\u015fitli \u00f6zelliklerle donat\u0131labilir. Bu sayede, evinizde veya i\u015f yerinizde meydana gelebilecek h\u0131rs\u0131zl\u0131k, yang\u0131n ve di\u011fer tehlikeli durumlara kar\u015f\u0131 an\u0131nda m\u00fcdahale edilebilir. Ak\u0131ll\u0131 telefonlar ve di\u011fer dijital cihazlar \u00fczerinden kontrol edilebilen bu sistemler, g\u00fcvenli\u011fi daha da eri\u015filebilir k\u0131larak, kullan\u0131c\u0131lar\u0131n her an, her yerden g\u00fcvenliklerini izlemelerine olanak tan\u0131r.<\/p>\t\t\t\t\t\t\t\t<\/div>\n\t\t\t\t<\/div>\n\t\t\t\t<\/div>\n\t\t<div class=\"elementor-element elementor-element-2ca85fd e-con-full e-flex e-con e-child\" data-id=\"2ca85fd\" data-element_type=\"container\">\n\t\t\t\t<div class=\"elementor-element elementor-element-f7d5971 elementor-widget elementor-widget-image\" data-id=\"f7d5971\" data-element_type=\"widget\" data-widget_type=\"image.default\">\n\t\t\t\t<div class=\"elementor-widget-container\">\n\t\t\t\t\t\t\t\t\t\t\t\t\t\t\t<img fetchpriority=\"high\" decoding=\"async\" width=\"1280\" height=\"853\" src=\"https:\/\/yanginguvenlikmalzemeleri.com\/wp-content\/uploads\/2024\/04\/pexels-karolina-grabowska-5717892-1.jpg\" class=\"attachment-full size-full wp-image-754\" alt=\"\" srcset=\"https:\/\/yanginguvenlikmalzemeleri.com\/wp-content\/uploads\/2024\/04\/pexels-karolina-grabowska-5717892-1.jpg 1280w, https:\/\/yanginguvenlikmalzemeleri.com\/wp-content\/uploads\/2024\/04\/pexels-karolina-grabowska-5717892-1-300x200.jpg 300w, https:\/\/yanginguvenlikmalzemeleri.com\/wp-content\/uploads\/2024\/04\/pexels-karolina-grabowska-5717892-1-640x427.jpg 640w, https:\/\/yanginguvenlikmalzemeleri.com\/wp-content\/uploads\/2024\/04\/pexels-karolina-grabowska-5717892-1-64x43.jpg 64w, https:\/\/yanginguvenlikmalzemeleri.com\/wp-content\/uploads\/2024\/04\/pexels-karolina-grabowska-5717892-1-1024x682.jpg 1024w, https:\/\/yanginguvenlikmalzemeleri.com\/wp-content\/uploads\/2024\/04\/pexels-karolina-grabowska-5717892-1-768x512.jpg 768w\" sizes=\"(max-width: 1280px) 100vw, 1280px\" \/>\t\t\t\t\t\t\t\t\t\t\t\t\t\t\t<\/div>\n\t\t\t\t<\/div>\n\t\t\t\t<\/div>\n\t\t\t\t\t<\/div>\n\t\t\t\t<\/div>\n\t\t<div class=\"elementor-element elementor-element-adf3705 e-flex e-con-boxed e-con e-parent\" data-id=\"adf3705\" data-element_type=\"container\">\n\t\t\t\t\t<div class=\"e-con-inner\">\n\t\t<div class=\"elementor-element elementor-element-354dd1e e-con-full e-flex e-con e-child\" data-id=\"354dd1e\" data-element_type=\"container\">\n\t\t\t\t<div class=\"elementor-element elementor-element-fd044ab elementor-widget elementor-widget-image\" data-id=\"fd044ab\" data-element_type=\"widget\" data-widget_type=\"image.default\">\n\t\t\t\t<div class=\"elementor-widget-container\">\n\t\t\t\t\t\t\t\t\t\t\t\t\t\t\t<img fetchpriority=\"high\" decoding=\"async\" width=\"1280\" height=\"853\" src=\"https:\/\/yanginguvenlikmalzemeleri.com\/wp-content\/uploads\/2024\/04\/pexels-karolina-grabowska-5717892-1.jpg\" class=\"attachment-full size-full wp-image-754\" alt=\"\" srcset=\"https:\/\/yanginguvenlikmalzemeleri.com\/wp-content\/uploads\/2024\/04\/pexels-karolina-grabowska-5717892-1.jpg 1280w, https:\/\/yanginguvenlikmalzemeleri.com\/wp-content\/uploads\/2024\/04\/pexels-karolina-grabowska-5717892-1-300x200.jpg 300w, https:\/\/yanginguvenlikmalzemeleri.com\/wp-content\/uploads\/2024\/04\/pexels-karolina-grabowska-5717892-1-640x427.jpg 640w, https:\/\/yanginguvenlikmalzemeleri.com\/wp-content\/uploads\/2024\/04\/pexels-karolina-grabowska-5717892-1-64x43.jpg 64w, https:\/\/yanginguvenlikmalzemeleri.com\/wp-content\/uploads\/2024\/04\/pexels-karolina-grabowska-5717892-1-1024x682.jpg 1024w, https:\/\/yanginguvenlikmalzemeleri.com\/wp-content\/uploads\/2024\/04\/pexels-karolina-grabowska-5717892-1-768x512.jpg 768w\" sizes=\"(max-width: 1280px) 100vw, 1280px\" \/>\t\t\t\t\t\t\t\t\t\t\t\t\t\t\t<\/div>\n\t\t\t\t<\/div>\n\t\t\t\t<\/div>\n\t\t<div class=\"elementor-element elementor-element-c9e4020 e-con-full e-flex e-con e-child\" data-id=\"c9e4020\" data-element_type=\"container\">\n\t\t\t\t<div class=\"elementor-element elementor-element-53ac706 elementor-widget elementor-widget-text-editor\" data-id=\"53ac706\" data-element_type=\"widget\" data-widget_type=\"text-editor.default\">\n\t\t\t\t<div class=\"elementor-widget-container\">\n\t\t\t\t\t\t\t\t\t<p class=\"\" data-start=\"1207\" data-end=\"1479\">Bir alarm sistemi se\u00e7erken, ihtiya\u00e7lar\u0131n\u0131za uygun \u00f6zelliklerin yan\u0131 s\u0131ra, sistemin kurulumu ve bak\u0131m\u0131n\u0131n da \u00f6nemli oldu\u011funu unutmamal\u0131s\u0131n\u0131z. \u0130yi bir alarm sistemi, sadece anl\u0131k uyar\u0131 sa\u011flamakla kalmaz, ayn\u0131 zamanda kullan\u0131c\u0131 dostu bir aray\u00fcze sahip olmal\u0131 ve i\u015fletme maliyetlerini minimize etmelidir. Alarm sisteminin kalitesi, olay an\u0131nda g\u00fcvenli\u011fi sa\u011flamak kadar, sistemin bak\u0131m ve g\u00fcncelleme s\u00fcre\u00e7lerinde de kendini g\u00f6stermelidir. Ayr\u0131ca, profesyonel bir kurulum hizmeti almak, sistemin verimli bir \u015fekilde \u00e7al\u0131\u015fmas\u0131n\u0131 sa\u011flayarak, olas\u0131 hatalar\u0131n ve yanl\u0131\u015f alarm durumlar\u0131n\u0131n \u00f6n\u00fcne ge\u00e7ilmesine yard\u0131mc\u0131 olur. Alarm sistemlerinin etkili bir \u015fekilde \u00e7al\u0131\u015fabilmesi i\u00e7in, do\u011fru cihazlar, g\u00fcvenli ba\u011flant\u0131lar ve g\u00fcncel yaz\u0131l\u0131m deste\u011fi gereklidir.<\/p>\t\t\t\t\t\t\t\t<\/div>\n\t\t\t\t<\/div>\n\t\t\t\t<\/div>\n\t\t\t\t\t<\/div>\n\t\t\t\t<\/div>\n\t\t\t\t<\/div>\n\t\t","protected":false},"excerpt":{"rendered":"<p>Alarm Sistemleri Alarm sistemleri, g\u00fcvenli\u011finizi art\u0131rmak ve ev veya i\u015f yerinizdeki de\u011ferli varl\u0131klar\u0131 korumak i\u00e7in vazge\u00e7ilmez bir ara\u00e7t\u0131r. Geli\u015fen teknoloji ile birlikte alarm sistemleri, sadece sesli uyar\u0131larla kalmay\u0131p, uzaktan izleme ve m\u00fcdahale imkan\u0131 sunan entegre \u00e7\u00f6z\u00fcmler haline gelmi\u015ftir. Modern alarm sistemleri, hareket alg\u0131lama, cam k\u0131r\u0131lma sens\u00f6rleri, gaz dedekt\u00f6rleri ve yang\u0131n alarm sistemleri gibi \u00e7e\u015fitli \u00f6zelliklerle [&hellip;]<\/p>\n","protected":false},"author":1,"featured_media":0,"parent":0,"menu_order":0,"comment_status":"closed","ping_status":"closed","template":"tmpl\/template-fullwidth.php","meta":{"_acf_changed":false,"inline_featured_image":false,"footnotes":""},"class_list":["post-915","page","type-page","status-publish","hentry"],"acf":[],"_links":{"self":[{"href":"https:\/\/yanginguvenlikmalzemeleri.com\/index.php\/wp-json\/wp\/v2\/pages\/915","targetHints":{"allow":["GET"]}}],"collection":[{"href":"https:\/\/yanginguvenlikmalzemeleri.com\/index.php\/wp-json\/wp\/v2\/pages"}],"about":[{"href":"https:\/\/yanginguvenlikmalzemeleri.com\/index.php\/wp-json\/wp\/v2\/types\/page"}],"author":[{"embeddable":true,"href":"https:\/\/yanginguvenlikmalzemeleri.com\/index.php\/wp-json\/wp\/v2\/users\/1"}],"replies":[{"embeddable":true,"href":"https:\/\/yanginguvenlikmalzemeleri.com\/index.php\/wp-json\/wp\/v2\/comments?post=915"}],"version-history":[{"count":6,"href":"https:\/\/yanginguvenlikmalzemeleri.com\/index.php\/wp-json\/wp\/v2\/pages\/915\/revisions"}],"predecessor-version":[{"id":933,"href":"https:\/\/yanginguvenlikmalzemeleri.com\/index.php\/wp-json\/wp\/v2\/pages\/915\/revisions\/933"}],"wp:attachment":[{"href":"https:\/\/yanginguvenlikmalzemeleri.com\/index.php\/wp-json\/wp\/v2\/media?parent=915"}],"curies":[{"name":"wp","href":"https:\/\/api.w.org\/{rel}","templated":true}]}}