{"id":922,"date":"2025-05-01T23:25:31","date_gmt":"2025-05-01T23:25:31","guid":{"rendered":"https:\/\/yanginguvenlikmalzemeleri.com\/?page_id=922"},"modified":"2025-05-01T23:28:27","modified_gmt":"2025-05-01T23:28:27","slug":"ses-sistemleri","status":"publish","type":"page","link":"https:\/\/yanginguvenlikmalzemeleri.com\/index.php\/ses-sistemleri\/","title":{"rendered":"Ses Sistemleri"},"content":{"rendered":"\t\t<div data-elementor-type=\"wp-page\" data-elementor-id=\"922\" class=\"elementor elementor-922\">\n\t\t\t\t<div class=\"elementor-element elementor-element-5079ce9 e-flex e-con-boxed e-con e-parent\" data-id=\"5079ce9\" data-element_type=\"container\">\n\t\t\t\t\t<div class=\"e-con-inner\">\n\t\t\t\t<div class=\"elementor-element elementor-element-69355c5 elementor-widget elementor-widget-heading\" data-id=\"69355c5\" data-element_type=\"widget\" data-widget_type=\"heading.default\">\n\t\t\t\t<div class=\"elementor-widget-container\">\n\t\t\t\t\t<h2 class=\"elementor-heading-title elementor-size-default\">Ses Sistemleri<\/h2>\t\t\t\t<\/div>\n\t\t\t\t<\/div>\n\t\t\t\t<div class=\"elementor-element elementor-element-0d7ce0e elementor-widget-divider--view-line elementor-widget elementor-widget-divider\" data-id=\"0d7ce0e\" data-element_type=\"widget\" data-widget_type=\"divider.default\">\n\t\t\t\t<div class=\"elementor-widget-container\">\n\t\t\t\t\t\t\t<div class=\"elementor-divider\">\n\t\t\t<span class=\"elementor-divider-separator\">\n\t\t\t\t\t\t<\/span>\n\t\t<\/div>\n\t\t\t\t\t\t<\/div>\n\t\t\t\t<\/div>\n\t\t\t\t\t<\/div>\n\t\t\t\t<\/div>\n\t\t<div class=\"elementor-element elementor-element-1a75fd9 e-flex e-con-boxed e-con e-parent\" data-id=\"1a75fd9\" data-element_type=\"container\">\n\t\t\t\t\t<div class=\"e-con-inner\">\n\t\t<div class=\"elementor-element elementor-element-dbfc217 e-con-full e-flex e-con e-child\" data-id=\"dbfc217\" data-element_type=\"container\">\n\t\t\t\t<div class=\"elementor-element elementor-element-c36c486 elementor-widget elementor-widget-text-editor\" data-id=\"c36c486\" data-element_type=\"widget\" data-widget_type=\"text-editor.default\">\n\t\t\t\t<div class=\"elementor-widget-container\">\n\t\t\t\t\t\t\t\t\t<p>Ses sistemleri, etkinliklerde, konferanslarda, konserlerde, sinemalarda ve evde m\u00fczik keyfi yaparken y\u00fcksek kaliteli ses deneyimi sa\u011flamak i\u00e7in kullan\u0131lan teknolojik altyap\u0131lard\u0131r. Bu sistemler, sesin do\u011fru bir \u015fekilde iletilmesini ve dinleyiciye net, g\u00fc\u00e7l\u00fc ve etkili bir ses sunulmas\u0131n\u0131 ama\u00e7lar. Ses sistemlerinin temel bile\u015fenleri aras\u0131nda mikrofonlar, amplifikat\u00f6rler, hoparl\u00f6rler ve ses mikserleri bulunur. Mikrofonlar sesin toplanmas\u0131n\u0131 sa\u011flarken, amplifikat\u00f6rler bu sesi g\u00fc\u00e7lendirir ve hoparl\u00f6rler, g\u00fc\u00e7lendirilmi\u015f sesi dinleyicilere ileterek daha geni\u015f alanlarda duyulmas\u0131n\u0131 sa\u011flar. Profesyonel ses sistemleri, \u00f6zellikle b\u00fcy\u00fck alanlarda sesin homojen \u015fekilde da\u011f\u0131lmas\u0131n\u0131 sa\u011flamak i\u00e7in tasarlan\u0131r. Akustik d\u00fczenlemeler, hoparl\u00f6r yerle\u015fimleri ve ses kayna\u011f\u0131 ayarlar\u0131, sesin kalitesini do\u011frudan etkileyen unsurlard\u0131r.<\/p>\t\t\t\t\t\t\t\t<\/div>\n\t\t\t\t<\/div>\n\t\t\t\t<\/div>\n\t\t<div class=\"elementor-element elementor-element-2ca85fd e-con-full e-flex e-con e-child\" data-id=\"2ca85fd\" data-element_type=\"container\">\n\t\t\t\t<div class=\"elementor-element elementor-element-f7d5971 elementor-widget elementor-widget-image\" data-id=\"f7d5971\" data-element_type=\"widget\" data-widget_type=\"image.default\">\n\t\t\t\t<div class=\"elementor-widget-container\">\n\t\t\t\t\t\t\t\t\t\t\t\t\t\t\t<img fetchpriority=\"high\" decoding=\"async\" width=\"1280\" height=\"853\" src=\"https:\/\/yanginguvenlikmalzemeleri.com\/wp-content\/uploads\/2024\/04\/pexels-karolina-grabowska-5717892-1.jpg\" class=\"attachment-full size-full wp-image-754\" alt=\"\" srcset=\"https:\/\/yanginguvenlikmalzemeleri.com\/wp-content\/uploads\/2024\/04\/pexels-karolina-grabowska-5717892-1.jpg 1280w, https:\/\/yanginguvenlikmalzemeleri.com\/wp-content\/uploads\/2024\/04\/pexels-karolina-grabowska-5717892-1-300x200.jpg 300w, https:\/\/yanginguvenlikmalzemeleri.com\/wp-content\/uploads\/2024\/04\/pexels-karolina-grabowska-5717892-1-640x427.jpg 640w, https:\/\/yanginguvenlikmalzemeleri.com\/wp-content\/uploads\/2024\/04\/pexels-karolina-grabowska-5717892-1-64x43.jpg 64w, https:\/\/yanginguvenlikmalzemeleri.com\/wp-content\/uploads\/2024\/04\/pexels-karolina-grabowska-5717892-1-1024x682.jpg 1024w, https:\/\/yanginguvenlikmalzemeleri.com\/wp-content\/uploads\/2024\/04\/pexels-karolina-grabowska-5717892-1-768x512.jpg 768w\" sizes=\"(max-width: 1280px) 100vw, 1280px\" \/>\t\t\t\t\t\t\t\t\t\t\t\t\t\t\t<\/div>\n\t\t\t\t<\/div>\n\t\t\t\t<\/div>\n\t\t\t\t\t<\/div>\n\t\t\t\t<\/div>\n\t\t<div class=\"elementor-element elementor-element-adf3705 e-flex e-con-boxed e-con e-parent\" data-id=\"adf3705\" data-element_type=\"container\">\n\t\t\t\t\t<div class=\"e-con-inner\">\n\t\t<div class=\"elementor-element elementor-element-354dd1e e-con-full e-flex e-con e-child\" data-id=\"354dd1e\" data-element_type=\"container\">\n\t\t\t\t<div class=\"elementor-element elementor-element-fd044ab elementor-widget elementor-widget-image\" data-id=\"fd044ab\" data-element_type=\"widget\" data-widget_type=\"image.default\">\n\t\t\t\t<div class=\"elementor-widget-container\">\n\t\t\t\t\t\t\t\t\t\t\t\t\t\t\t<img fetchpriority=\"high\" decoding=\"async\" width=\"1280\" height=\"853\" src=\"https:\/\/yanginguvenlikmalzemeleri.com\/wp-content\/uploads\/2024\/04\/pexels-karolina-grabowska-5717892-1.jpg\" class=\"attachment-full size-full wp-image-754\" alt=\"\" srcset=\"https:\/\/yanginguvenlikmalzemeleri.com\/wp-content\/uploads\/2024\/04\/pexels-karolina-grabowska-5717892-1.jpg 1280w, https:\/\/yanginguvenlikmalzemeleri.com\/wp-content\/uploads\/2024\/04\/pexels-karolina-grabowska-5717892-1-300x200.jpg 300w, https:\/\/yanginguvenlikmalzemeleri.com\/wp-content\/uploads\/2024\/04\/pexels-karolina-grabowska-5717892-1-640x427.jpg 640w, https:\/\/yanginguvenlikmalzemeleri.com\/wp-content\/uploads\/2024\/04\/pexels-karolina-grabowska-5717892-1-64x43.jpg 64w, https:\/\/yanginguvenlikmalzemeleri.com\/wp-content\/uploads\/2024\/04\/pexels-karolina-grabowska-5717892-1-1024x682.jpg 1024w, https:\/\/yanginguvenlikmalzemeleri.com\/wp-content\/uploads\/2024\/04\/pexels-karolina-grabowska-5717892-1-768x512.jpg 768w\" sizes=\"(max-width: 1280px) 100vw, 1280px\" \/>\t\t\t\t\t\t\t\t\t\t\t\t\t\t\t<\/div>\n\t\t\t\t<\/div>\n\t\t\t\t<\/div>\n\t\t<div class=\"elementor-element elementor-element-c9e4020 e-con-full e-flex e-con e-child\" data-id=\"c9e4020\" data-element_type=\"container\">\n\t\t\t\t<div class=\"elementor-element elementor-element-53ac706 elementor-widget elementor-widget-text-editor\" data-id=\"53ac706\" data-element_type=\"widget\" data-widget_type=\"text-editor.default\">\n\t\t\t\t<div class=\"elementor-widget-container\">\n\t\t\t\t\t\t\t\t\t<p class=\"\" data-start=\"1207\" data-end=\"1479\">Ev kullan\u0131c\u0131lar\u0131 i\u00e7in tasarlanan ses sistemleri, genellikle daha kompakt ve kullan\u0131m\u0131 kolay \u00f6zelliklere sahip olup, TV ve di\u011fer multimedya cihazlar\u0131na entegre edilebilir. Y\u00fcksek \u00e7\u00f6z\u00fcn\u00fcrl\u00fckl\u00fc ses sistemleri, \u00f6zellikle ev sinemas\u0131 deneyimi i\u00e7in b\u00fcy\u00fck \u00f6nem ta\u015f\u0131r. Bu t\u00fcr sistemler, surround ses teknolojisi ile derinlikli ve sinematik bir ses deneyimi sunar. Ayn\u0131 zamanda, Bluetooth veya Wi-Fi ba\u011flant\u0131lar\u0131yla kablosuz ses aktar\u0131m\u0131 yap\u0131labilen ak\u0131ll\u0131 ses sistemleri, kullan\u0131c\u0131lar\u0131n m\u00fczik dinlemelerini daha pratik hale getirir. Profesyonel ses sistemleri, b\u00fcy\u00fck etkinliklerde, stadyumlarda veya konser alanlar\u0131nda kullan\u0131lan ses ekipmanlar\u0131n\u0131n, sesi her a\u00e7\u0131dan y\u00fcksek kaliteli ve etkili bir bi\u00e7imde dinleyicilere ula\u015ft\u0131racak \u015fekilde \u00f6zelle\u015ftirilmesini sa\u011flar. T\u00fcm bu \u00f6zellikler, ses sistemlerinin farkl\u0131 kullan\u0131m alanlar\u0131na uygun hale gelmesini ve her ortamda en iyi ses deneyiminin sa\u011flanmas\u0131n\u0131 m\u00fcmk\u00fcn k\u0131lar.<\/p>\t\t\t\t\t\t\t\t<\/div>\n\t\t\t\t<\/div>\n\t\t\t\t<\/div>\n\t\t\t\t\t<\/div>\n\t\t\t\t<\/div>\n\t\t\t\t<\/div>\n\t\t","protected":false},"excerpt":{"rendered":"<p>Ses Sistemleri Ses sistemleri, etkinliklerde, konferanslarda, konserlerde, sinemalarda ve evde m\u00fczik keyfi yaparken y\u00fcksek kaliteli ses deneyimi sa\u011flamak i\u00e7in kullan\u0131lan teknolojik altyap\u0131lard\u0131r. Bu sistemler, sesin do\u011fru bir \u015fekilde iletilmesini ve dinleyiciye net, g\u00fc\u00e7l\u00fc ve etkili bir ses sunulmas\u0131n\u0131 ama\u00e7lar. Ses sistemlerinin temel bile\u015fenleri aras\u0131nda mikrofonlar, amplifikat\u00f6rler, hoparl\u00f6rler ve ses mikserleri bulunur. Mikrofonlar sesin toplanmas\u0131n\u0131 sa\u011flarken, [&hellip;]<\/p>\n","protected":false},"author":1,"featured_media":0,"parent":0,"menu_order":0,"comment_status":"closed","ping_status":"closed","template":"tmpl\/template-fullwidth.php","meta":{"_acf_changed":false,"inline_featured_image":false,"footnotes":""},"class_list":["post-922","page","type-page","status-publish","hentry"],"acf":[],"_links":{"self":[{"href":"https:\/\/yanginguvenlikmalzemeleri.com\/index.php\/wp-json\/wp\/v2\/pages\/922","targetHints":{"allow":["GET"]}}],"collection":[{"href":"https:\/\/yanginguvenlikmalzemeleri.com\/index.php\/wp-json\/wp\/v2\/pages"}],"about":[{"href":"https:\/\/yanginguvenlikmalzemeleri.com\/index.php\/wp-json\/wp\/v2\/types\/page"}],"author":[{"embeddable":true,"href":"https:\/\/yanginguvenlikmalzemeleri.com\/index.php\/wp-json\/wp\/v2\/users\/1"}],"replies":[{"embeddable":true,"href":"https:\/\/yanginguvenlikmalzemeleri.com\/index.php\/wp-json\/wp\/v2\/comments?post=922"}],"version-history":[{"count":4,"href":"https:\/\/yanginguvenlikmalzemeleri.com\/index.php\/wp-json\/wp\/v2\/pages\/922\/revisions"}],"predecessor-version":[{"id":942,"href":"https:\/\/yanginguvenlikmalzemeleri.com\/index.php\/wp-json\/wp\/v2\/pages\/922\/revisions\/942"}],"wp:attachment":[{"href":"https:\/\/yanginguvenlikmalzemeleri.com\/index.php\/wp-json\/wp\/v2\/media?parent=922"}],"curies":[{"name":"wp","href":"https:\/\/api.w.org\/{rel}","templated":true}]}}