{"id":924,"date":"2025-05-01T23:25:19","date_gmt":"2025-05-01T23:25:19","guid":{"rendered":"https:\/\/yanginguvenlikmalzemeleri.com\/?page_id=924"},"modified":"2025-05-01T23:29:23","modified_gmt":"2025-05-01T23:29:23","slug":"kamera-sistemleri","status":"publish","type":"page","link":"https:\/\/yanginguvenlikmalzemeleri.com\/index.php\/kamera-sistemleri\/","title":{"rendered":"Kamera Sistemleri"},"content":{"rendered":"\t\t<div data-elementor-type=\"wp-page\" data-elementor-id=\"924\" class=\"elementor elementor-924\">\n\t\t\t\t<div class=\"elementor-element elementor-element-5079ce9 e-flex e-con-boxed e-con e-parent\" data-id=\"5079ce9\" data-element_type=\"container\">\n\t\t\t\t\t<div class=\"e-con-inner\">\n\t\t\t\t<div class=\"elementor-element elementor-element-69355c5 elementor-widget elementor-widget-heading\" data-id=\"69355c5\" data-element_type=\"widget\" data-widget_type=\"heading.default\">\n\t\t\t\t<div class=\"elementor-widget-container\">\n\t\t\t\t\t<h2 class=\"elementor-heading-title elementor-size-default\">Kamera Sistemleri<\/h2>\t\t\t\t<\/div>\n\t\t\t\t<\/div>\n\t\t\t\t<div class=\"elementor-element elementor-element-0d7ce0e elementor-widget-divider--view-line elementor-widget elementor-widget-divider\" data-id=\"0d7ce0e\" data-element_type=\"widget\" data-widget_type=\"divider.default\">\n\t\t\t\t<div class=\"elementor-widget-container\">\n\t\t\t\t\t\t\t<div class=\"elementor-divider\">\n\t\t\t<span class=\"elementor-divider-separator\">\n\t\t\t\t\t\t<\/span>\n\t\t<\/div>\n\t\t\t\t\t\t<\/div>\n\t\t\t\t<\/div>\n\t\t\t\t\t<\/div>\n\t\t\t\t<\/div>\n\t\t<div class=\"elementor-element elementor-element-1a75fd9 e-flex e-con-boxed e-con e-parent\" data-id=\"1a75fd9\" data-element_type=\"container\">\n\t\t\t\t\t<div class=\"e-con-inner\">\n\t\t<div class=\"elementor-element elementor-element-dbfc217 e-con-full e-flex e-con e-child\" data-id=\"dbfc217\" data-element_type=\"container\">\n\t\t\t\t<div class=\"elementor-element elementor-element-c36c486 elementor-widget elementor-widget-text-editor\" data-id=\"c36c486\" data-element_type=\"widget\" data-widget_type=\"text-editor.default\">\n\t\t\t\t<div class=\"elementor-widget-container\">\n\t\t\t\t\t\t\t\t\t<p>Kamera g\u00fcvenlik sistemleri, hem evlerde hem de ticari i\u015fletmelerde g\u00fcvenli\u011fi sa\u011flamak i\u00e7in \u00f6nemli bir rol oynar. Bu sistemler, herhangi bir su\u00e7 giri\u015fimini \u00f6nlemeye yard\u0131mc\u0131 olurken, olas\u0131 tehlikeler kar\u015f\u0131s\u0131nda an\u0131nda tespit ve m\u00fcdahale imkan\u0131 sunar. Modern kamera sistemleri, y\u00fcksek \u00e7\u00f6z\u00fcn\u00fcrl\u00fckl\u00fc g\u00f6r\u00fcnt\u00fcler, gece g\u00f6r\u00fc\u015f\u00fc, hareket alg\u0131lama ve uzaktan izleme gibi \u00e7e\u015fitli \u00f6zelliklerle donat\u0131lm\u0131\u015ft\u0131r. IP (Internet Protocol) kameralar, analog kameralar\u0131n yerini alarak daha esnek ve verimli \u00e7\u00f6z\u00fcmler sunar. Bu kameralar, internet ba\u011flant\u0131s\u0131 \u00fczerinden her yerden izlenebilir ve kontrol edilebilir, b\u00f6ylece kullan\u0131c\u0131lar anl\u0131k olarak g\u00fcvenlik durumunu takip edebilir. Ayr\u0131ca, baz\u0131 sistemler ak\u0131ll\u0131 telefonlarla uyumlu olup, alarm durumunda bildirim g\u00f6ndererek g\u00fcvenlik ihlali durumunda h\u0131zl\u0131 bir \u015fekilde harekete ge\u00e7ilmesini sa\u011flar.<\/p>\t\t\t\t\t\t\t\t<\/div>\n\t\t\t\t<\/div>\n\t\t\t\t<\/div>\n\t\t<div class=\"elementor-element elementor-element-2ca85fd e-con-full e-flex e-con e-child\" data-id=\"2ca85fd\" data-element_type=\"container\">\n\t\t\t\t<div class=\"elementor-element elementor-element-f7d5971 elementor-widget elementor-widget-image\" data-id=\"f7d5971\" data-element_type=\"widget\" data-widget_type=\"image.default\">\n\t\t\t\t<div class=\"elementor-widget-container\">\n\t\t\t\t\t\t\t\t\t\t\t\t\t\t\t<img fetchpriority=\"high\" decoding=\"async\" width=\"1280\" height=\"853\" src=\"https:\/\/yanginguvenlikmalzemeleri.com\/wp-content\/uploads\/2024\/04\/pexels-karolina-grabowska-5717892-1.jpg\" class=\"attachment-full size-full wp-image-754\" alt=\"\" srcset=\"https:\/\/yanginguvenlikmalzemeleri.com\/wp-content\/uploads\/2024\/04\/pexels-karolina-grabowska-5717892-1.jpg 1280w, https:\/\/yanginguvenlikmalzemeleri.com\/wp-content\/uploads\/2024\/04\/pexels-karolina-grabowska-5717892-1-300x200.jpg 300w, https:\/\/yanginguvenlikmalzemeleri.com\/wp-content\/uploads\/2024\/04\/pexels-karolina-grabowska-5717892-1-640x427.jpg 640w, https:\/\/yanginguvenlikmalzemeleri.com\/wp-content\/uploads\/2024\/04\/pexels-karolina-grabowska-5717892-1-64x43.jpg 64w, https:\/\/yanginguvenlikmalzemeleri.com\/wp-content\/uploads\/2024\/04\/pexels-karolina-grabowska-5717892-1-1024x682.jpg 1024w, https:\/\/yanginguvenlikmalzemeleri.com\/wp-content\/uploads\/2024\/04\/pexels-karolina-grabowska-5717892-1-768x512.jpg 768w\" sizes=\"(max-width: 1280px) 100vw, 1280px\" \/>\t\t\t\t\t\t\t\t\t\t\t\t\t\t\t<\/div>\n\t\t\t\t<\/div>\n\t\t\t\t<\/div>\n\t\t\t\t\t<\/div>\n\t\t\t\t<\/div>\n\t\t<div class=\"elementor-element elementor-element-adf3705 e-flex e-con-boxed e-con e-parent\" data-id=\"adf3705\" data-element_type=\"container\">\n\t\t\t\t\t<div class=\"e-con-inner\">\n\t\t<div class=\"elementor-element elementor-element-354dd1e e-con-full e-flex e-con e-child\" data-id=\"354dd1e\" data-element_type=\"container\">\n\t\t\t\t<div class=\"elementor-element elementor-element-fd044ab elementor-widget elementor-widget-image\" data-id=\"fd044ab\" data-element_type=\"widget\" data-widget_type=\"image.default\">\n\t\t\t\t<div class=\"elementor-widget-container\">\n\t\t\t\t\t\t\t\t\t\t\t\t\t\t\t<img fetchpriority=\"high\" decoding=\"async\" width=\"1280\" height=\"853\" src=\"https:\/\/yanginguvenlikmalzemeleri.com\/wp-content\/uploads\/2024\/04\/pexels-karolina-grabowska-5717892-1.jpg\" class=\"attachment-full size-full wp-image-754\" alt=\"\" srcset=\"https:\/\/yanginguvenlikmalzemeleri.com\/wp-content\/uploads\/2024\/04\/pexels-karolina-grabowska-5717892-1.jpg 1280w, https:\/\/yanginguvenlikmalzemeleri.com\/wp-content\/uploads\/2024\/04\/pexels-karolina-grabowska-5717892-1-300x200.jpg 300w, https:\/\/yanginguvenlikmalzemeleri.com\/wp-content\/uploads\/2024\/04\/pexels-karolina-grabowska-5717892-1-640x427.jpg 640w, https:\/\/yanginguvenlikmalzemeleri.com\/wp-content\/uploads\/2024\/04\/pexels-karolina-grabowska-5717892-1-64x43.jpg 64w, https:\/\/yanginguvenlikmalzemeleri.com\/wp-content\/uploads\/2024\/04\/pexels-karolina-grabowska-5717892-1-1024x682.jpg 1024w, https:\/\/yanginguvenlikmalzemeleri.com\/wp-content\/uploads\/2024\/04\/pexels-karolina-grabowska-5717892-1-768x512.jpg 768w\" sizes=\"(max-width: 1280px) 100vw, 1280px\" \/>\t\t\t\t\t\t\t\t\t\t\t\t\t\t\t<\/div>\n\t\t\t\t<\/div>\n\t\t\t\t<\/div>\n\t\t<div class=\"elementor-element elementor-element-c9e4020 e-con-full e-flex e-con e-child\" data-id=\"c9e4020\" data-element_type=\"container\">\n\t\t\t\t<div class=\"elementor-element elementor-element-53ac706 elementor-widget elementor-widget-text-editor\" data-id=\"53ac706\" data-element_type=\"widget\" data-widget_type=\"text-editor.default\">\n\t\t\t\t<div class=\"elementor-widget-container\">\n\t\t\t\t\t\t\t\t\t<p class=\"\" data-start=\"1207\" data-end=\"1479\">Kamera g\u00fcvenlik sistemlerinin kurulumu, yerle\u015fim alan\u0131n\u0131n b\u00fcy\u00fckl\u00fc\u011f\u00fcne ve g\u00fcvenlik ihtiya\u00e7lar\u0131na g\u00f6re \u00f6zelle\u015ftirilebilir. \u0130\u015f yerleri i\u00e7in geni\u015f alanlarda \u00e7oklu kamera sistemleri kullan\u0131l\u0131rken, evler i\u00e7in daha kompakt ve kullan\u0131c\u0131 dostu \u00e7\u00f6z\u00fcmler tercih edilebilir. Ayr\u0131ca, kamera sistemlerinin do\u011fru yerle\u015ftirilmesi \u00e7ok \u00f6nemlidir; stratejik noktalara yerle\u015ftirilen kameralar, t\u00fcm alan\u0131n izlenmesini sa\u011flar ve olas\u0131 k\u00f6r noktalar\u0131 ortadan kald\u0131r\u0131r. Kameralar\u0131n sa\u011flad\u0131\u011f\u0131 g\u00f6r\u00fcnt\u00fc kalitesi de g\u00fcvenli\u011fin etkinli\u011fini do\u011frudan etkiler. Y\u00fcksek \u00e7\u00f6z\u00fcn\u00fcrl\u00fck, daha net ve ayr\u0131nt\u0131l\u0131 g\u00f6r\u00fcnt\u00fcler sa\u011flayarak, su\u00e7lular\u0131n tespiti ve olaylar\u0131n \u00e7\u00f6z\u00fclmesinde b\u00fcy\u00fck fayda sa\u011flar. T\u00fcm bu \u00f6zellikler, kamera g\u00fcvenlik sistemlerini, hem ge\u00e7mi\u015fteki olaylar\u0131 ara\u015ft\u0131rmak hem de anl\u0131k g\u00fcvenli\u011fi sa\u011flamak ad\u0131na vazge\u00e7ilmez bir \u00e7\u00f6z\u00fcm haline getirir.<\/p>\t\t\t\t\t\t\t\t<\/div>\n\t\t\t\t<\/div>\n\t\t\t\t<\/div>\n\t\t\t\t\t<\/div>\n\t\t\t\t<\/div>\n\t\t\t\t<\/div>\n\t\t","protected":false},"excerpt":{"rendered":"<p>Kamera Sistemleri Kamera g\u00fcvenlik sistemleri, hem evlerde hem de ticari i\u015fletmelerde g\u00fcvenli\u011fi sa\u011flamak i\u00e7in \u00f6nemli bir rol oynar. Bu sistemler, herhangi bir su\u00e7 giri\u015fimini \u00f6nlemeye yard\u0131mc\u0131 olurken, olas\u0131 tehlikeler kar\u015f\u0131s\u0131nda an\u0131nda tespit ve m\u00fcdahale imkan\u0131 sunar. Modern kamera sistemleri, y\u00fcksek \u00e7\u00f6z\u00fcn\u00fcrl\u00fckl\u00fc g\u00f6r\u00fcnt\u00fcler, gece g\u00f6r\u00fc\u015f\u00fc, hareket alg\u0131lama ve uzaktan izleme gibi \u00e7e\u015fitli \u00f6zelliklerle donat\u0131lm\u0131\u015ft\u0131r. IP (Internet [&hellip;]<\/p>\n","protected":false},"author":1,"featured_media":0,"parent":0,"menu_order":0,"comment_status":"closed","ping_status":"closed","template":"tmpl\/template-fullwidth.php","meta":{"_acf_changed":false,"inline_featured_image":false,"footnotes":""},"class_list":["post-924","page","type-page","status-publish","hentry"],"acf":[],"_links":{"self":[{"href":"https:\/\/yanginguvenlikmalzemeleri.com\/index.php\/wp-json\/wp\/v2\/pages\/924","targetHints":{"allow":["GET"]}}],"collection":[{"href":"https:\/\/yanginguvenlikmalzemeleri.com\/index.php\/wp-json\/wp\/v2\/pages"}],"about":[{"href":"https:\/\/yanginguvenlikmalzemeleri.com\/index.php\/wp-json\/wp\/v2\/types\/page"}],"author":[{"embeddable":true,"href":"https:\/\/yanginguvenlikmalzemeleri.com\/index.php\/wp-json\/wp\/v2\/users\/1"}],"replies":[{"embeddable":true,"href":"https:\/\/yanginguvenlikmalzemeleri.com\/index.php\/wp-json\/wp\/v2\/comments?post=924"}],"version-history":[{"count":4,"href":"https:\/\/yanginguvenlikmalzemeleri.com\/index.php\/wp-json\/wp\/v2\/pages\/924\/revisions"}],"predecessor-version":[{"id":948,"href":"https:\/\/yanginguvenlikmalzemeleri.com\/index.php\/wp-json\/wp\/v2\/pages\/924\/revisions\/948"}],"wp:attachment":[{"href":"https:\/\/yanginguvenlikmalzemeleri.com\/index.php\/wp-json\/wp\/v2\/media?parent=924"}],"curies":[{"name":"wp","href":"https:\/\/api.w.org\/{rel}","templated":true}]}}