{"id":925,"date":"2025-05-01T23:25:12","date_gmt":"2025-05-01T23:25:12","guid":{"rendered":"https:\/\/yanginguvenlikmalzemeleri.com\/?page_id=925"},"modified":"2025-05-01T23:30:44","modified_gmt":"2025-05-01T23:30:44","slug":"yangin-sistemleri-2","status":"publish","type":"page","link":"https:\/\/yanginguvenlikmalzemeleri.com\/index.php\/yangin-sistemleri-2\/","title":{"rendered":"Yang\u0131n Sistemleri"},"content":{"rendered":"\t\t<div data-elementor-type=\"wp-page\" data-elementor-id=\"925\" class=\"elementor elementor-925\">\n\t\t\t\t<div class=\"elementor-element elementor-element-5079ce9 e-flex e-con-boxed e-con e-parent\" data-id=\"5079ce9\" data-element_type=\"container\">\n\t\t\t\t\t<div class=\"e-con-inner\">\n\t\t\t\t<div class=\"elementor-element elementor-element-69355c5 elementor-widget elementor-widget-heading\" data-id=\"69355c5\" data-element_type=\"widget\" data-widget_type=\"heading.default\">\n\t\t\t\t<div class=\"elementor-widget-container\">\n\t\t\t\t\t<h2 class=\"elementor-heading-title elementor-size-default\">Yang\u0131n Sistemleri<\/h2>\t\t\t\t<\/div>\n\t\t\t\t<\/div>\n\t\t\t\t<div class=\"elementor-element elementor-element-0d7ce0e elementor-widget-divider--view-line elementor-widget elementor-widget-divider\" data-id=\"0d7ce0e\" data-element_type=\"widget\" data-widget_type=\"divider.default\">\n\t\t\t\t<div class=\"elementor-widget-container\">\n\t\t\t\t\t\t\t<div class=\"elementor-divider\">\n\t\t\t<span class=\"elementor-divider-separator\">\n\t\t\t\t\t\t<\/span>\n\t\t<\/div>\n\t\t\t\t\t\t<\/div>\n\t\t\t\t<\/div>\n\t\t\t\t\t<\/div>\n\t\t\t\t<\/div>\n\t\t<div class=\"elementor-element elementor-element-1a75fd9 e-flex e-con-boxed e-con e-parent\" data-id=\"1a75fd9\" data-element_type=\"container\">\n\t\t\t\t\t<div class=\"e-con-inner\">\n\t\t<div class=\"elementor-element elementor-element-dbfc217 e-con-full e-flex e-con e-child\" data-id=\"dbfc217\" data-element_type=\"container\">\n\t\t\t\t<div class=\"elementor-element elementor-element-c36c486 elementor-widget elementor-widget-text-editor\" data-id=\"c36c486\" data-element_type=\"widget\" data-widget_type=\"text-editor.default\">\n\t\t\t\t<div class=\"elementor-widget-container\">\n\t\t\t\t\t\t\t\t\t<p>Yang\u0131n g\u00fcvenlik sistemleri, hem ya\u015fam alanlar\u0131n\u0131 hem de i\u015f yerlerini yang\u0131n gibi b\u00fcy\u00fck tehlikelere kar\u015f\u0131 korumak i\u00e7in kritik \u00f6neme sahiptir. Yang\u0131n an\u0131nda h\u0131zl\u0131 bir \u015fekilde tespit ve m\u00fcdahale yapabilen bir yang\u0131n alarm sistemi, yang\u0131n\u0131n yay\u0131lmas\u0131n\u0131 engelleyerek can ve mal g\u00fcvenli\u011fini sa\u011flar. Bu sistemler, duman dedekt\u00f6rleri, \u0131s\u0131 alg\u0131lay\u0131c\u0131lar, yang\u0131n panelleri ve acil durum \u0131\u015f\u0131k sistemleri gibi farkl\u0131 bile\u015fenlerden olu\u015fur. Ayr\u0131ca, yang\u0131n s\u00f6nd\u00fcrme sistemleri (sprinkler, gazl\u0131 s\u00f6nd\u00fcrme, su bas\u0131n\u00e7l\u0131 sistemler vb.) ile entegre \u00e7al\u0131\u015farak, yang\u0131n ba\u015flang\u0131c\u0131nda m\u00fcdahale edilmesini sa\u011flar. Modern yang\u0131n g\u00fcvenlik sistemleri, uzaktan izleme ve kontrol \u00f6zelliklerine sahip olup, kullan\u0131c\u0131lar\u0131 tehlike an\u0131nda hemen bilgilendirerek h\u0131zl\u0131 bir \u015fekilde harekete ge\u00e7ilmesini sa\u011flar.<\/p>\t\t\t\t\t\t\t\t<\/div>\n\t\t\t\t<\/div>\n\t\t\t\t<\/div>\n\t\t<div class=\"elementor-element elementor-element-2ca85fd e-con-full e-flex e-con e-child\" data-id=\"2ca85fd\" data-element_type=\"container\">\n\t\t\t\t<div class=\"elementor-element elementor-element-f7d5971 elementor-widget elementor-widget-image\" data-id=\"f7d5971\" data-element_type=\"widget\" data-widget_type=\"image.default\">\n\t\t\t\t<div class=\"elementor-widget-container\">\n\t\t\t\t\t\t\t\t\t\t\t\t\t\t\t<img fetchpriority=\"high\" decoding=\"async\" width=\"1280\" height=\"853\" src=\"https:\/\/yanginguvenlikmalzemeleri.com\/wp-content\/uploads\/2024\/04\/pexels-karolina-grabowska-5717892-1.jpg\" class=\"attachment-full size-full wp-image-754\" alt=\"\" srcset=\"https:\/\/yanginguvenlikmalzemeleri.com\/wp-content\/uploads\/2024\/04\/pexels-karolina-grabowska-5717892-1.jpg 1280w, https:\/\/yanginguvenlikmalzemeleri.com\/wp-content\/uploads\/2024\/04\/pexels-karolina-grabowska-5717892-1-300x200.jpg 300w, https:\/\/yanginguvenlikmalzemeleri.com\/wp-content\/uploads\/2024\/04\/pexels-karolina-grabowska-5717892-1-640x427.jpg 640w, https:\/\/yanginguvenlikmalzemeleri.com\/wp-content\/uploads\/2024\/04\/pexels-karolina-grabowska-5717892-1-64x43.jpg 64w, https:\/\/yanginguvenlikmalzemeleri.com\/wp-content\/uploads\/2024\/04\/pexels-karolina-grabowska-5717892-1-1024x682.jpg 1024w, https:\/\/yanginguvenlikmalzemeleri.com\/wp-content\/uploads\/2024\/04\/pexels-karolina-grabowska-5717892-1-768x512.jpg 768w\" sizes=\"(max-width: 1280px) 100vw, 1280px\" \/>\t\t\t\t\t\t\t\t\t\t\t\t\t\t\t<\/div>\n\t\t\t\t<\/div>\n\t\t\t\t<\/div>\n\t\t\t\t\t<\/div>\n\t\t\t\t<\/div>\n\t\t<div class=\"elementor-element elementor-element-adf3705 e-flex e-con-boxed e-con e-parent\" data-id=\"adf3705\" data-element_type=\"container\">\n\t\t\t\t\t<div class=\"e-con-inner\">\n\t\t<div class=\"elementor-element elementor-element-354dd1e e-con-full e-flex e-con e-child\" data-id=\"354dd1e\" data-element_type=\"container\">\n\t\t\t\t<div class=\"elementor-element elementor-element-fd044ab elementor-widget elementor-widget-image\" data-id=\"fd044ab\" data-element_type=\"widget\" data-widget_type=\"image.default\">\n\t\t\t\t<div class=\"elementor-widget-container\">\n\t\t\t\t\t\t\t\t\t\t\t\t\t\t\t<img fetchpriority=\"high\" decoding=\"async\" width=\"1280\" height=\"853\" src=\"https:\/\/yanginguvenlikmalzemeleri.com\/wp-content\/uploads\/2024\/04\/pexels-karolina-grabowska-5717892-1.jpg\" class=\"attachment-full size-full wp-image-754\" alt=\"\" srcset=\"https:\/\/yanginguvenlikmalzemeleri.com\/wp-content\/uploads\/2024\/04\/pexels-karolina-grabowska-5717892-1.jpg 1280w, https:\/\/yanginguvenlikmalzemeleri.com\/wp-content\/uploads\/2024\/04\/pexels-karolina-grabowska-5717892-1-300x200.jpg 300w, https:\/\/yanginguvenlikmalzemeleri.com\/wp-content\/uploads\/2024\/04\/pexels-karolina-grabowska-5717892-1-640x427.jpg 640w, https:\/\/yanginguvenlikmalzemeleri.com\/wp-content\/uploads\/2024\/04\/pexels-karolina-grabowska-5717892-1-64x43.jpg 64w, https:\/\/yanginguvenlikmalzemeleri.com\/wp-content\/uploads\/2024\/04\/pexels-karolina-grabowska-5717892-1-1024x682.jpg 1024w, https:\/\/yanginguvenlikmalzemeleri.com\/wp-content\/uploads\/2024\/04\/pexels-karolina-grabowska-5717892-1-768x512.jpg 768w\" sizes=\"(max-width: 1280px) 100vw, 1280px\" \/>\t\t\t\t\t\t\t\t\t\t\t\t\t\t\t<\/div>\n\t\t\t\t<\/div>\n\t\t\t\t<\/div>\n\t\t<div class=\"elementor-element elementor-element-c9e4020 e-con-full e-flex e-con e-child\" data-id=\"c9e4020\" data-element_type=\"container\">\n\t\t\t\t<div class=\"elementor-element elementor-element-53ac706 elementor-widget elementor-widget-text-editor\" data-id=\"53ac706\" data-element_type=\"widget\" data-widget_type=\"text-editor.default\">\n\t\t\t\t<div class=\"elementor-widget-container\">\n\t\t\t\t\t\t\t\t\t<p class=\"\" data-start=\"1207\" data-end=\"1479\">Yang\u0131n g\u00fcvenlik sistemlerinin etkinli\u011fi, d\u00fczenli bak\u0131mlar\u0131na ve sistemin do\u011fru bir \u015fekilde kurulmas\u0131na ba\u011fl\u0131d\u0131r. Sistem kurulumunda uzman ki\u015filer taraf\u0131ndan yap\u0131lan yerinde de\u011ferlendirmeler, yang\u0131n risklerinin do\u011fru bir \u015fekilde analiz edilmesi ve buna uygun cihazlar\u0131n se\u00e7ilmesi gerekir. Ayr\u0131ca, yang\u0131n g\u00fcvenlik sisteminin periyodik bak\u0131mlar\u0131 ve testleri yap\u0131lmal\u0131, b\u00f6ylece her t\u00fcrl\u00fc olumsuz durumda sistemin do\u011fru \u015fekilde \u00e7al\u0131\u015ft\u0131\u011f\u0131ndan emin olunmal\u0131d\u0131r. Yang\u0131n g\u00fcvenli\u011fi yaln\u0131zca yasal bir zorunluluk de\u011fil, ayn\u0131 zamanda hayat kurtaran bir \u00f6nlemdir. Her alanda g\u00fcvenli\u011fin sa\u011flanabilmesi i\u00e7in, yang\u0131n g\u00fcvenlik sistemlerinin y\u00fcksek kaliteye sahip olmas\u0131 ve en g\u00fcncel teknolojiyle donat\u0131lmas\u0131 gerekir.<\/p>\t\t\t\t\t\t\t\t<\/div>\n\t\t\t\t<\/div>\n\t\t\t\t<\/div>\n\t\t\t\t\t<\/div>\n\t\t\t\t<\/div>\n\t\t\t\t<\/div>\n\t\t","protected":false},"excerpt":{"rendered":"<p>Yang\u0131n Sistemleri Yang\u0131n g\u00fcvenlik sistemleri, hem ya\u015fam alanlar\u0131n\u0131 hem de i\u015f yerlerini yang\u0131n gibi b\u00fcy\u00fck tehlikelere kar\u015f\u0131 korumak i\u00e7in kritik \u00f6neme sahiptir. Yang\u0131n an\u0131nda h\u0131zl\u0131 bir \u015fekilde tespit ve m\u00fcdahale yapabilen bir yang\u0131n alarm sistemi, yang\u0131n\u0131n yay\u0131lmas\u0131n\u0131 engelleyerek can ve mal g\u00fcvenli\u011fini sa\u011flar. Bu sistemler, duman dedekt\u00f6rleri, \u0131s\u0131 alg\u0131lay\u0131c\u0131lar, yang\u0131n panelleri ve acil durum \u0131\u015f\u0131k [&hellip;]<\/p>\n","protected":false},"author":1,"featured_media":0,"parent":0,"menu_order":0,"comment_status":"closed","ping_status":"closed","template":"tmpl\/template-fullwidth.php","meta":{"_acf_changed":false,"inline_featured_image":false,"footnotes":""},"class_list":["post-925","page","type-page","status-publish","hentry"],"acf":[],"_links":{"self":[{"href":"https:\/\/yanginguvenlikmalzemeleri.com\/index.php\/wp-json\/wp\/v2\/pages\/925","targetHints":{"allow":["GET"]}}],"collection":[{"href":"https:\/\/yanginguvenlikmalzemeleri.com\/index.php\/wp-json\/wp\/v2\/pages"}],"about":[{"href":"https:\/\/yanginguvenlikmalzemeleri.com\/index.php\/wp-json\/wp\/v2\/types\/page"}],"author":[{"embeddable":true,"href":"https:\/\/yanginguvenlikmalzemeleri.com\/index.php\/wp-json\/wp\/v2\/users\/1"}],"replies":[{"embeddable":true,"href":"https:\/\/yanginguvenlikmalzemeleri.com\/index.php\/wp-json\/wp\/v2\/comments?post=925"}],"version-history":[{"count":7,"href":"https:\/\/yanginguvenlikmalzemeleri.com\/index.php\/wp-json\/wp\/v2\/pages\/925\/revisions"}],"predecessor-version":[{"id":962,"href":"https:\/\/yanginguvenlikmalzemeleri.com\/index.php\/wp-json\/wp\/v2\/pages\/925\/revisions\/962"}],"wp:attachment":[{"href":"https:\/\/yanginguvenlikmalzemeleri.com\/index.php\/wp-json\/wp\/v2\/media?parent=925"}],"curies":[{"name":"wp","href":"https:\/\/api.w.org\/{rel}","templated":true}]}}